{"id":2022,"date":"2017-10-26T18:01:32","date_gmt":"2017-10-26T18:01:32","guid":{"rendered":"https:\/\/androesthetics.com\/?page_id=2022"},"modified":"2019-02-20T11:48:28","modified_gmt":"2019-02-20T11:48:28","slug":"aviso-legal","status":"publish","type":"page","link":"https:\/\/androesthetics.com\/en\/aviso-legal\/","title":{"rendered":"Aviso Legal"},"content":{"rendered":"<p><\/p>\n<div class=\"style2\">\n<div id=\"aviso-legal\" class=\"header seccion\">\n<div class=\"full-width left\">\n<h2 class=\"center\">Aviso Legal<\/h2>\n<ul class=\"numbers\">\n<li>El titular de este sitio web es Francisco Arteaga Serrano, con NIF 42047165Z y domicilio en la C\/ Capit\u00e1n G\u00f3mez Landero, 13, 1\u00baD, c\u00f3digo postal 38006 \u2013 SANTA CRUZ DE TENERIFE.<\/li>\n<li>El acceso al Site de Francisco Arteaga Serrano es gratuito. Todo el contenido es propiedad intelectual de Francisco Arteaga Serrano Cualquier utilizaci\u00f3n de los mismos contraria a las normas en materia de propiedad intelectual ser\u00e1 perseguida con arreglo a la legislaci\u00f3n vigente.<\/li>\n<\/ul>\n<\/div>\n<\/div>\n<\/div>\n<p><\/p>","protected":false},"excerpt":{"rendered":"<p>Aviso Legal El titular de este sitio web es Francisco Arteaga Serrano, con NIF 42047165Z y domicilio en la C\/ Capit\u00e1n G\u00f3mez Landero, 13, 1\u00baD, c\u00f3digo postal 38006 \u2013 SANTA CRUZ DE TENERIFE. El acceso al Site de Francisco Arteaga Serrano es gratuito. Todo el contenido es propiedad intelectual de Francisco Arteaga Serrano Cualquier utilizaci\u00f3n [&hellip;]<\/p>\n","protected":false},"author":2,"featured_media":0,"parent":0,"menu_order":0,"comment_status":"closed","ping_status":"closed","template":"","meta":{"footnotes":""},"_links":{"self":[{"href":"https:\/\/androesthetics.com\/en\/wp-json\/wp\/v2\/pages\/2022"}],"collection":[{"href":"https:\/\/androesthetics.com\/en\/wp-json\/wp\/v2\/pages"}],"about":[{"href":"https:\/\/androesthetics.com\/en\/wp-json\/wp\/v2\/types\/page"}],"author":[{"embeddable":true,"href":"https:\/\/androesthetics.com\/en\/wp-json\/wp\/v2\/users\/2"}],"replies":[{"embeddable":true,"href":"https:\/\/androesthetics.com\/en\/wp-json\/wp\/v2\/comments?post=2022"}],"version-history":[{"count":11,"href":"https:\/\/androesthetics.com\/en\/wp-json\/wp\/v2\/pages\/2022\/revisions"}],"predecessor-version":[{"id":2139,"href":"https:\/\/androesthetics.com\/en\/wp-json\/wp\/v2\/pages\/2022\/revisions\/2139"}],"wp:attachment":[{"href":"https:\/\/androesthetics.com\/en\/wp-json\/wp\/v2\/media?parent=2022"}],"curies":[{"name":"wp","href":"https:\/\/api.w.org\/{rel}","templated":true}]}}