{"id":2024,"date":"2017-10-26T18:01:50","date_gmt":"2017-10-26T18:01:50","guid":{"rendered":"https:\/\/androesthetics.com\/?page_id=2024"},"modified":"2019-02-20T11:47:38","modified_gmt":"2019-02-20T11:47:38","slug":"politica-privacidad","status":"publish","type":"page","link":"https:\/\/androesthetics.com\/en\/politica-privacidad\/","title":{"rendered":"Pol\u00edtica de Privacidad"},"content":{"rendered":"<p><\/p>\n<div class=\"style2\">\n<div id=\"politica-privacidad\" class=\"header seccion\">\n<div class=\"full-width left\">\n<h2 class=\"center\">Pol\u00edtica de Privacidad<\/h2>\n<ul class=\"numbers\">\n<li><b>Uso y tratamiento de datos de car\u00e1cter personal<\/b>\n<p>Francisco Arteaga Serrano le informa que los datos de car\u00e1cter personal que pudieran proporcionarse, a trav\u00e9s del website, as\u00ed como los que pudiera facilitar en el futuro en el marco de su relaci\u00f3n jur\u00eddica con esta entidad, ser\u00e1n incorporados en los ficheros titularidad de Francisco Arteaga Serrano, cuyos datos constan en el encabezamiento.<\/p>\n<p>Estos ficheros tienen la finalidad de gestionar, administrar, prestarle los servicios o facilitarle los productos que solicite, y en su caso, para el cumplimiento y ejecuci\u00f3n de los contratos que pudiera celebrar, conocer mejor sus gustos, adecuar los servicios a sus preferencias, as\u00ed como poder ofrecerle nuevos servicios o productos y enviarle informaci\u00f3n relacionada con las actividades de Francisco Arteaga Serrano, a trav\u00e9s de cualquier medio, incluso el electr\u00f3nico. Los destinatarios de la informaci\u00f3n recogida ser\u00e1n, principalmente, los empleados de Francisco Arteaga Serrano.<\/p>\n<p>El consentimiento otorgado para el tratamiento de sus datos personales, puede ser revocado en cualquier momento, dirigi\u00e9ndose a la direcci\u00f3n de Francisco Arteaga Serrano o a trav\u00e9s del correo electr\u00f3nico @@@@@@@@@@@@@@@@@@@@@@@@.<\/p>\n<p>Los usuarios garantizan y responden, en cualquier caso, de la exactitud, vigencia y autenticidad de los datos personales facilitados y se  comprometen a mantenerlos debidamente actualizados.<\/p>\n<\/li>\n<li><b>Ejercicio de derechos: acceso, rectificaci\u00f3n, cancelaci\u00f3n y oposici\u00f3n<\/b>\n<p>Aquellas personas f\u00edsicas que hayan facilitado sus datos a Francisco Arteaga Serrano podr\u00e1n ejercitar  gratuitamente los derechos de acceso, rectificaci\u00f3n, cancelaci\u00f3n y oposici\u00f3n respecto de los datos incorporados en los  ficheros de Francisco Arteaga Serrano.<\/p>\n<p>Dado el car\u00e1cter confidencial de la informaci\u00f3n, Vd. no podr\u00e1 ejercitar sus derechos telef\u00f3nicamente, lo debe  solicitar por cualquier medio que deje constancia de su env\u00edo y de su recepci\u00f3n y remitir copia de su DNI o documento equivalente.<\/p>\n<p>El interesado podr\u00e1 ejercitar sus derechos mediante comunicaci\u00f3n por escrito dirigida a Francisco Arteaga Serrano en la direcci\u00f3n indicada al inicio o a la direcci\u00f3n de correo electr\u00f3nico @@@@@@@@@@@@@@@@@@@@@@@@@@@@@@@@.<\/p>\n<\/li>\n<li><b>Medidas de seguridad<\/b>\n<p>Francisco Arteaga Serrano le informa que tiene implantadas las medidas de seguridad de \u00edndole t\u00e9cnica y organizativas necesarias para garantizar la seguridad de sus datos de car\u00e1cter personal y evitar su alteraci\u00f3n, p\u00e9rdida y tratamiento y\/o acceso no autorizado, habida cuenta del estado de la tecnolog\u00eda, la naturaleza de los datos almacenados y los riesgos  a que est\u00e1n expuestos, ya provengan de la acci\u00f3n humana o del medio f\u00edsico o natural.<\/p>\n<p>El usuario debe ser consciente de que las medidas de seguridad en Internet no son inexpugnables y enteramente fiables y que Francisco Arteaga Serrano no puede garantizar la inexistencia de virus u otros elementos que pudieran producir alteraciones en los sistemas inform\u00e1ticos (software y hardware) del usuario.<\/p>\n<\/li>\n<li><b>Menores de edad<\/b>\n<p>En el supuesto que alguno de los servicios y productos vayan dirigidos a menores de 14 a\u00f1os. Francisco Arteaga Serrano solicitar\u00e1 el consentimiento de los padres o tutores para la recogida de los datos personales del menor.<\/p>\n<p>Francisco Arteaga Serrano no responde de aquellos datos de menores que sin poder conocer Francisco Arteaga Serrano este hecho se haya facilitado sin el consentimiento de los padres o tutores.<\/p>\n<\/li>\n<li><b>Modificaci\u00f3n de la pol\u00edtica de privacidad<\/b>\n<p>Francisco Arteaga Serrano se reserva el derecho a modificar su Pol\u00edtica de Privacidad, de acuerdo a su propio criterio, o motivado por un cambio doctrinal de la Autoridad competente en Protecci\u00f3n de Datos, legislativo o jurisprudencial. Cualquier modificaci\u00f3n de la Pol\u00edtica de Privacidad ser\u00e1 publicada, antes de su efectiva aplicaci\u00f3n. El uso de la Web despu\u00e9s de dichos cambios, implicar\u00e1 la aceptaci\u00f3n de estos.<\/p>\n<\/li>\n<li><b>Legislaci\u00f3n aplicable<\/b>\n<p>Cualquier controversia que se derive del uso de este site, ser\u00e1 regida, interpretada y sometida de acuerdo con las leyes de Espa\u00f1a.<\/p>\n<\/li>\n<\/ul>\n<\/div>\n<\/div>\n<\/div>\n<p><\/p>","protected":false},"excerpt":{"rendered":"<p>Pol\u00edtica de Privacidad Uso y tratamiento de datos de car\u00e1cter personal Francisco Arteaga Serrano le informa que los datos de car\u00e1cter personal que pudieran proporcionarse, a trav\u00e9s del website, as\u00ed como los que pudiera facilitar en el futuro en el marco de su relaci\u00f3n jur\u00eddica con esta entidad, ser\u00e1n incorporados en los ficheros titularidad de [&hellip;]<\/p>\n","protected":false},"author":2,"featured_media":0,"parent":0,"menu_order":0,"comment_status":"closed","ping_status":"closed","template":"","meta":{"footnotes":""},"_links":{"self":[{"href":"https:\/\/androesthetics.com\/en\/wp-json\/wp\/v2\/pages\/2024"}],"collection":[{"href":"https:\/\/androesthetics.com\/en\/wp-json\/wp\/v2\/pages"}],"about":[{"href":"https:\/\/androesthetics.com\/en\/wp-json\/wp\/v2\/types\/page"}],"author":[{"embeddable":true,"href":"https:\/\/androesthetics.com\/en\/wp-json\/wp\/v2\/users\/2"}],"replies":[{"embeddable":true,"href":"https:\/\/androesthetics.com\/en\/wp-json\/wp\/v2\/comments?post=2024"}],"version-history":[{"count":5,"href":"https:\/\/androesthetics.com\/en\/wp-json\/wp\/v2\/pages\/2024\/revisions"}],"predecessor-version":[{"id":2138,"href":"https:\/\/androesthetics.com\/en\/wp-json\/wp\/v2\/pages\/2024\/revisions\/2138"}],"wp:attachment":[{"href":"https:\/\/androesthetics.com\/en\/wp-json\/wp\/v2\/media?parent=2024"}],"curies":[{"name":"wp","href":"https:\/\/api.w.org\/{rel}","templated":true}]}}